{"id":2,"date":"2024-02-24T13:45:55","date_gmt":"2024-02-24T16:45:55","guid":{"rendered":"https:\/\/livrelabs.com.br\/?page_id=2"},"modified":"2024-02-26T18:43:16","modified_gmt":"2024-02-26T21:43:16","slug":"sobre","status":"publish","type":"page","link":"https:\/\/livrelabs.com.br\/index.php\/sobre\/","title":{"rendered":"Sobre a Livre Labs"},"content":{"rendered":"\n<p>Quem somos, clich\u00ea n\u00e9? Mas \u00e9 por ai.<\/p>\n\n\n\n<p>Somos um blog, canal, grupo e escola, que tem por objetivo ajudar iniciantes e entusiastas das tecnologias livres a darem os primeiros passos al\u00e9m de compartilhar experi\u00eancias e fomentar a troca de ideias com a comunidade.<\/p>\n\n\n\n<p>O fazer orientando o ser.<\/p>\n","protected":false},"excerpt":{"rendered":"<p>Quem somos, clich\u00ea n\u00e9? Mas \u00e9 por ai. Somos um blog, canal, grupo e escola, que tem por objetivo ajudar iniciantes e entusiastas das tecnologias livres a darem os primeiros passos al\u00e9m de compartilhar experi\u00eancias e fomentar a troca de ideias com a comunidade. O fazer orientando o ser.<\/p>\n","protected":false},"author":1,"featured_media":0,"parent":0,"menu_order":0,"comment_status":"closed","ping_status":"open","template":"","meta":{"footnotes":""},"class_list":["post-2","page","type-page","status-publish","hentry"],"_links":{"self":[{"href":"https:\/\/livrelabs.com.br\/index.php\/wp-json\/wp\/v2\/pages\/2","targetHints":{"allow":["GET"]}}],"collection":[{"href":"https:\/\/livrelabs.com.br\/index.php\/wp-json\/wp\/v2\/pages"}],"about":[{"href":"https:\/\/livrelabs.com.br\/index.php\/wp-json\/wp\/v2\/types\/page"}],"author":[{"embeddable":true,"href":"https:\/\/livrelabs.com.br\/index.php\/wp-json\/wp\/v2\/users\/1"}],"replies":[{"embeddable":true,"href":"https:\/\/livrelabs.com.br\/index.php\/wp-json\/wp\/v2\/comments?post=2"}],"version-history":[{"count":2,"href":"https:\/\/livrelabs.com.br\/index.php\/wp-json\/wp\/v2\/pages\/2\/revisions"}],"predecessor-version":[{"id":93,"href":"https:\/\/livrelabs.com.br\/index.php\/wp-json\/wp\/v2\/pages\/2\/revisions\/93"}],"wp:attachment":[{"href":"https:\/\/livrelabs.com.br\/index.php\/wp-json\/wp\/v2\/media?parent=2"}],"curies":[{"name":"wp","href":"https:\/\/api.w.org\/{rel}","templated":true}]}}